{"id":4,"date":"2013-07-29T16:18:14","date_gmt":"2013-07-29T15:18:14","guid":{"rendered":"http:\/\/www.kiana-daniel.ch\/?page_id=4"},"modified":"2014-04-07T19:57:00","modified_gmt":"2014-04-07T18:57:00","slug":"bienvenue","status":"publish","type":"page","link":"https:\/\/www.kiana-daniel.ch\/","title":{"rendered":"Bienvenue"},"content":{"rendered":"<p>Chers amis<\/p>\n<p>Bienvenue \u00e0 notre site web qui a d\u00e9marr\u00e9 \u00e0 l&rsquo;occasion de notre mariage au mois d&rsquo;octobre 2013! Quelques r\u00e9miniscences, quelques photos, les textes de chansons et de po\u00e8mes et des liens vers la musique que nous aimons.<\/p>\n<p>Et la suite de nos aventures!<\/p>\n<p>Laissez-nous des commentaires!<\/p>\n<p><a href=\"http:\/\/www.kiana-daniel.ch\/wp-content\/uploads\/2013\/07\/Photo-106a.jpg\"><img loading=\"lazy\" decoding=\"async\" class=\"alignnone size-full wp-image-697\" alt=\"Photo 106a\" src=\"http:\/\/www.kiana-daniel.ch\/wp-content\/uploads\/2013\/07\/Photo-106a.jpg\" width=\"278\" height=\"238\" \/><\/a><\/p>\n<p>On vous attend et on vous aime!<\/p>\n<p><span style=\"font-family: Monaco, Consolas, 'Andale Mono', 'DejaVu Sans Mono', monospace; font-size: 13px;\"><br \/>\n<\/span><\/p>\n","protected":false},"excerpt":{"rendered":"<p>Chers amis Bienvenue \u00e0 notre site web qui a d\u00e9marr\u00e9 \u00e0 l&rsquo;occasion de notre mariage au mois d&rsquo;octobre 2013! Quelques r\u00e9miniscences, quelques photos, les textes de chansons et de po\u00e8mes <a href=\"https:\/\/www.kiana-daniel.ch\/\" class=\"more-link\">[&hellip;]<\/a><\/p>\n","protected":false},"author":6,"featured_media":0,"parent":0,"menu_order":0,"comment_status":"closed","ping_status":"closed","template":"","meta":{"Layout":"1c","footnotes":""},"class_list":["entry","author-adminpascal","post-4","page","type-page","status-publish"],"_links":{"self":[{"href":"https:\/\/www.kiana-daniel.ch\/index.php?rest_route=\/wp\/v2\/pages\/4","targetHints":{"allow":["GET"]}}],"collection":[{"href":"https:\/\/www.kiana-daniel.ch\/index.php?rest_route=\/wp\/v2\/pages"}],"about":[{"href":"https:\/\/www.kiana-daniel.ch\/index.php?rest_route=\/wp\/v2\/types\/page"}],"author":[{"embeddable":true,"href":"https:\/\/www.kiana-daniel.ch\/index.php?rest_route=\/wp\/v2\/users\/6"}],"replies":[{"embeddable":true,"href":"https:\/\/www.kiana-daniel.ch\/index.php?rest_route=%2Fwp%2Fv2%2Fcomments&post=4"}],"version-history":[{"count":29,"href":"https:\/\/www.kiana-daniel.ch\/index.php?rest_route=\/wp\/v2\/pages\/4\/revisions"}],"predecessor-version":[{"id":698,"href":"https:\/\/www.kiana-daniel.ch\/index.php?rest_route=\/wp\/v2\/pages\/4\/revisions\/698"}],"wp:attachment":[{"href":"https:\/\/www.kiana-daniel.ch\/index.php?rest_route=%2Fwp%2Fv2%2Fmedia&parent=4"}],"curies":[{"name":"wp","href":"https:\/\/api.w.org\/{rel}","templated":true}]}}